{"id":4338,"date":"2023-04-25T11:58:04","date_gmt":"2023-04-25T09:58:04","guid":{"rendered":"https:\/\/relaismanderen.com\/?page_id=4338"},"modified":"2024-04-15T11:02:26","modified_gmt":"2024-04-15T09:02:26","slug":"actualites-manderen","status":"publish","type":"page","link":"https:\/\/relaismanderen.com\/de\/news-manderen\/","title":{"rendered":"Nachrichten"},"content":{"rendered":"<div data-elementor-type=\"wp-page\" data-elementor-id=\"4338\" class=\"elementor elementor-4338\" data-elementor-post-type=\"page\">\n\t\t\t\t\t\t<section class=\"elementor-section elementor-top-section elementor-element elementor-element-52bf90d3 elementor-section-stretched elementor-section-boxed elementor-section-height-default elementor-section-height-default\" data-id=\"52bf90d3\" data-element_type=\"section\" data-settings=\"{&quot;stretch_section&quot;:&quot;section-stretched&quot;,&quot;background_background&quot;:&quot;classic&quot;,&quot;shape_divider_bottom&quot;:&quot;opacity-tilt&quot;,&quot;hoteller_ext_is_background_parallax&quot;:&quot;false&quot;,&quot;hoteller_ext_is_background_backdrop&quot;:&quot;false&quot;,&quot;hoteller_ext_is_background_on_scroll&quot;:&quot;false&quot;}\">\n\t\t\t\t\t\t\t<div class=\"elementor-background-overlay\"><\/div>\n\t\t\t\t\t\t<div class=\"elementor-shape elementor-shape-bottom\" aria-hidden=\"true\" data-negative=\"false\">\n\t\t\t<svg xmlns=\"http:\/\/www.w3.org\/2000\/svg\" viewbox=\"0 0 2600 131.1\" preserveaspectratio=\"none\">\n\t<path class=\"elementor-shape-fill\" d=\"M0 0L2600 0 2600 69.1 0 0z\"\/>\n\t<path class=\"elementor-shape-fill\" style=\"opacity:0.5\" d=\"M0 0L2600 0 2600 69.1 0 69.1z\"\/>\n\t<path class=\"elementor-shape-fill\" style=\"opacity:0.25\" d=\"M2600 0L0 0 0 130.1 2600 69.1z\"\/>\n<\/svg>\t\t<\/div>\n\t\t\t\t\t<div class=\"elementor-container elementor-column-gap-default\">\n\t\t\t\t\t<div class=\"elementor-column elementor-col-100 elementor-top-column elementor-element elementor-element-f459389\" data-id=\"f459389\" data-element_type=\"column\" data-settings=\"{&quot;hoteller_ext_link_sidemenu&quot;:&quot;false&quot;,&quot;hoteller_ext_link_fullmenu&quot;:&quot;false&quot;,&quot;hoteller_ext_link_closed_fullmenu&quot;:&quot;false&quot;,&quot;hoteller_ext_is_scrollme&quot;:&quot;false&quot;,&quot;hoteller_ext_is_smoove&quot;:&quot;false&quot;,&quot;hoteller_ext_is_parallax_mouse&quot;:&quot;false&quot;,&quot;hoteller_ext_is_infinite&quot;:&quot;false&quot;,&quot;hoteller_ext_is_fadeout_animation&quot;:&quot;false&quot;,&quot;hoteller_ext_mobile_static&quot;:&quot;false&quot;}\">\n\t\t\t<div class=\"elementor-widget-wrap elementor-element-populated\">\n\t\t\t\t\t\t<div class=\"elementor-element elementor-element-361b7fa2 elementor-widget__width-inherit elementor-hidden-desktop elementor-hidden-tablet elementor-hidden-mobile elementor-widget elementor-widget-hoteller-animated-text\" data-id=\"361b7fa2\" data-element_type=\"widget\" data-settings=\"{&quot;hoteller_ext_link_sidemenu&quot;:&quot;false&quot;,&quot;hoteller_ext_link_fullmenu&quot;:&quot;false&quot;,&quot;hoteller_ext_link_closed_fullmenu&quot;:&quot;false&quot;,&quot;hoteller_ext_is_scrollme&quot;:&quot;false&quot;,&quot;hoteller_ext_is_smoove&quot;:&quot;false&quot;,&quot;hoteller_ext_is_parallax_mouse&quot;:&quot;false&quot;,&quot;hoteller_ext_is_infinite&quot;:&quot;false&quot;,&quot;hoteller_ext_is_fadeout_animation&quot;:&quot;false&quot;,&quot;hoteller_ext_mobile_static&quot;:&quot;false&quot;}\" data-widget_type=\"hoteller-animated-text.default\">\n\t\t\t\t<div class=\"elementor-widget-container\">\n\t\t\t\t\t<div class=\"themegoods-animated-text text-alignment-left transition-right overflow-visible\" data-delimiter=\"character\" data-transition=\"50\" data-transition-delay=\"0\" data-transition-duration=\"800\">\n\t\t<h2>\n\t\tNachrichten\t<\/h2>\n\t<\/div>\t\t\t\t<\/div>\n\t\t\t\t<\/div>\n\t\t\t\t<div class=\"elementor-element elementor-element-f1c01ee elementor-widget__width-inherit elementor-widget elementor-widget-hoteller-animated-text\" data-id=\"f1c01ee\" data-element_type=\"widget\" data-settings=\"{&quot;hoteller_ext_link_sidemenu&quot;:&quot;false&quot;,&quot;hoteller_ext_link_fullmenu&quot;:&quot;false&quot;,&quot;hoteller_ext_link_closed_fullmenu&quot;:&quot;false&quot;,&quot;hoteller_ext_is_scrollme&quot;:&quot;false&quot;,&quot;hoteller_ext_is_smoove&quot;:&quot;false&quot;,&quot;hoteller_ext_is_parallax_mouse&quot;:&quot;false&quot;,&quot;hoteller_ext_is_infinite&quot;:&quot;false&quot;,&quot;hoteller_ext_is_fadeout_animation&quot;:&quot;false&quot;,&quot;hoteller_ext_mobile_static&quot;:&quot;false&quot;}\" data-widget_type=\"hoteller-animated-text.default\">\n\t\t\t\t<div class=\"elementor-widget-container\">\n\t\t\t\t\t<div class=\"themegoods-animated-text text-alignment-left transition-right overflow-visible\" data-delimiter=\"character\" data-transition=\"50\" data-transition-delay=\"0\" data-transition-duration=\"800\">\n\t\t<h2>\n\t\tNachrichten\t<\/h2>\n\t<\/div>\t\t\t\t<\/div>\n\t\t\t\t<\/div>\n\t\t\t\t<div class=\"elementor-element elementor-element-6c528123 elementor-widget__width-inherit elementor-widget elementor-widget-hoteller-animated-text\" data-id=\"6c528123\" data-element_type=\"widget\" data-settings=\"{&quot;hoteller_ext_link_sidemenu&quot;:&quot;false&quot;,&quot;hoteller_ext_link_fullmenu&quot;:&quot;false&quot;,&quot;hoteller_ext_link_closed_fullmenu&quot;:&quot;false&quot;,&quot;hoteller_ext_is_scrollme&quot;:&quot;false&quot;,&quot;hoteller_ext_is_smoove&quot;:&quot;false&quot;,&quot;hoteller_ext_is_parallax_mouse&quot;:&quot;false&quot;,&quot;hoteller_ext_is_infinite&quot;:&quot;false&quot;,&quot;hoteller_ext_is_fadeout_animation&quot;:&quot;false&quot;,&quot;hoteller_ext_mobile_static&quot;:&quot;false&quot;}\" data-widget_type=\"hoteller-animated-text.default\">\n\t\t\t\t<div class=\"elementor-widget-container\">\n\t\t\t\t\t<div class=\"themegoods-animated-text text-alignment-left transition-right overflow-visible\" data-delimiter=\"character\" data-transition=\"50\" data-transition-delay=\"200\" data-transition-duration=\"800\">\n\t\t<h2>\n\t\tIm Relais Manderen\t<\/h2>\n\t<\/div>\t\t\t\t<\/div>\n\t\t\t\t<\/div>\n\t\t\t\t\t<\/div>\n\t\t<\/div>\n\t\t\t\t\t<\/div>\n\t\t<\/section>\n\t\t\t\t<section class=\"elementor-section elementor-top-section elementor-element elementor-element-38742b6 elementor-section-boxed elementor-section-height-default elementor-section-height-default\" data-id=\"38742b6\" data-element_type=\"section\" data-settings=\"{&quot;hoteller_ext_is_background_parallax&quot;:&quot;false&quot;,&quot;hoteller_ext_is_background_backdrop&quot;:&quot;false&quot;,&quot;hoteller_ext_is_background_on_scroll&quot;:&quot;false&quot;}\">\n\t\t\t\t\t\t<div class=\"elementor-container elementor-column-gap-default\">\n\t\t\t\t\t<div class=\"elementor-column elementor-col-100 elementor-top-column elementor-element elementor-element-54a4ff3\" data-id=\"54a4ff3\" data-element_type=\"column\" data-settings=\"{&quot;hoteller_ext_link_sidemenu&quot;:&quot;false&quot;,&quot;hoteller_ext_link_fullmenu&quot;:&quot;false&quot;,&quot;hoteller_ext_link_closed_fullmenu&quot;:&quot;false&quot;,&quot;hoteller_ext_is_scrollme&quot;:&quot;false&quot;,&quot;hoteller_ext_is_smoove&quot;:&quot;false&quot;,&quot;hoteller_ext_is_parallax_mouse&quot;:&quot;false&quot;,&quot;hoteller_ext_is_infinite&quot;:&quot;false&quot;,&quot;hoteller_ext_is_fadeout_animation&quot;:&quot;false&quot;,&quot;hoteller_ext_mobile_static&quot;:&quot;false&quot;}\">\n\t\t\t<div class=\"elementor-widget-wrap elementor-element-populated\">\n\t\t\t\t\t\t<div class=\"elementor-element elementor-element-4c27e25 elementor-widget elementor-widget-hoteller-blog-posts\" data-id=\"4c27e25\" data-element_type=\"widget\" data-settings=\"{&quot;hoteller_ext_link_sidemenu&quot;:&quot;false&quot;,&quot;hoteller_ext_link_fullmenu&quot;:&quot;false&quot;,&quot;hoteller_ext_link_closed_fullmenu&quot;:&quot;false&quot;,&quot;hoteller_ext_is_scrollme&quot;:&quot;false&quot;,&quot;hoteller_ext_is_smoove&quot;:&quot;false&quot;,&quot;hoteller_ext_is_parallax_mouse&quot;:&quot;false&quot;,&quot;hoteller_ext_is_infinite&quot;:&quot;false&quot;,&quot;hoteller_ext_is_fadeout_animation&quot;:&quot;false&quot;,&quot;hoteller_ext_mobile_static&quot;:&quot;false&quot;}\" data-widget_type=\"hoteller-blog-posts.default\">\n\t\t\t\t<div class=\"elementor-widget-container\">\n\t\t\t\t\t<div class=\"blog_post_content_wrapper layout_grid\">\n<!-- Begin each blog post -->\n<div class=\"blog-posts-grid post-5818 post type-post status-publish format-standard has-post-thumbnail hentry category-non-classe\">\n\n\t<div class=\"post_wrapper\">\n\t\t\n\t\t\t\t    <div class=\"post_img static\">\n\t\t\t    \t\t\t    <div class=\"post_img_hover\">\n\t\t\t     \t\t\t\t\t     <img decoding=\"async\"  src=\"https:\/\/relaismanderen.com\/wp-content\/uploads\/2026\/01\/pink-white-and-black-textured-valentines-day-sale-instagram-post-960x604.png\" class=\"\" alt=\"\"\/>\n\t\t\t\t     \t\t\t     \t\t\t\t     \t<a href=\"https:\/\/relaismanderen.com\/de\/valentinstag-2026\/\"><\/a>\n\t\t\t    <\/div>\n\t\t    <\/div>\n\t\t\t    \n\t    <div class=\"post_content_wrapper text_\">\n\t\t    \n\t\t    <div class=\"post_header\">\n\t\t\t    \t\t\t\t<div class=\"post_header_title\">\n\t\t\t\t    <h5><a href=\"https:\/\/relaismanderen.com\/de\/valentinstag-2026\/\" title=\"VALENTINSTAG 2026\">VALENTINSTAG 2026<\/a><\/h5>\n\t\t\t\t<\/div>\n\t\t\t<\/div>\n\t    \n\t\t\t<div class=\"post_header_wrapper\">\n\t\t\t\t<p>&nbsp; &nbsp; &nbsp; &nbsp; &nbsp; &nbsp; &nbsp; &nbsp; RESERVIEREN SIE DAS ABENDESSEN PER TELEFON UNTER 06 95 02 95 54 RESERVIEREN SIE DEN BRUNCH ONLINE - KLICKEN SIE...<\/p>\t\t\t    \t\t\t<\/div>\n\t    <\/div>\n\t    \n\t<\/div>\n\n<\/div>\n\n<!-- End each blog post --><!-- Begin each blog post -->\n<div class=\"blog-posts-grid post-5495 post type-post status-publish format-standard has-post-thumbnail hentry category-non-classe\">\n\n\t<div class=\"post_wrapper\">\n\t\t\n\t\t\t\t    <div class=\"post_img static\">\n\t\t\t    \t\t\t    <div class=\"post_img_hover\">\n\t\t\t     \t\t\t\t\t     <img decoding=\"async\"  src=\"https:\/\/relaismanderen.com\/wp-content\/uploads\/2024\/12\/beige-simple-elegant-personal-linkedin-banner-960x396.png\" class=\"\" alt=\"\"\/>\n\t\t\t\t     \t\t\t     \t\t\t\t     \t<a href=\"https:\/\/relaismanderen.com\/de\/5495-2\/\"><\/a>\n\t\t\t    <\/div>\n\t\t    <\/div>\n\t\t\t    \n\t    <div class=\"post_content_wrapper text_\">\n\t\t    \n\t\t    <div class=\"post_header\">\n\t\t\t    \t\t\t\t<div class=\"post_header_title\">\n\t\t\t\t    <h5><a href=\"https:\/\/relaismanderen.com\/de\/5495-2\/\" title=\"BRUNCHS 2026\">BRUNCHS 2026<\/a><\/h5>\n\t\t\t\t<\/div>\n\t\t\t<\/div>\n\t    \n\t\t\t<div class=\"post_header_wrapper\">\n\t\t\t\t<p>Die BRUNCH-Daten des RELAIS 2026 sind verf\u00fcgbar. Die Reservierungen erfolgen direkt online, indem Sie unten klicken. RESERVIEREN \u00a0...<\/p>\t\t\t    \t\t\t<\/div>\n\t    <\/div>\n\t    \n\t<\/div>\n\n<\/div>\n\n<!-- End each blog post --><!-- Begin each blog post -->\n<div class=\"blog-posts-grid post-5442 post type-post status-publish format-standard has-post-thumbnail hentry category-non-classe\">\n\n\t<div class=\"post_wrapper\">\n\t\t\n\t\t\t\t    <div class=\"post_img static\">\n\t\t\t    \t\t\t    <div class=\"post_img_hover\">\n\t\t\t     \t\t\t\t\t     <img decoding=\"async\"  src=\"https:\/\/relaismanderen.com\/wp-content\/uploads\/2024\/12\/beau-bon-cadeau-relais-manderen.avif\" class=\"\" alt=\"\"\/>\n\t\t\t\t     \t\t\t     \t\t\t\t     \t<a href=\"https:\/\/relaismanderen.com\/de\/bonkdo\/\"><\/a>\n\t\t\t    <\/div>\n\t\t    <\/div>\n\t\t\t    \n\t    <div class=\"post_content_wrapper text_\">\n\t\t    \n\t\t    <div class=\"post_header\">\n\t\t\t    \t\t\t\t<div class=\"post_header_title\">\n\t\t\t\t    <h5><a href=\"https:\/\/relaismanderen.com\/de\/bonkdo\/\" title=\"GESCHENKGUTSCHEINE UND -BOXEN\">GESCHENKGUTSCHEINE UND -BOXEN<\/a><\/h5>\n\t\t\t\t<\/div>\n\t\t\t<\/div>\n\t    \n\t\t\t<div class=\"post_header_wrapper\">\n\t\t\t\t<p>&nbsp; \u00dcbernachtungspaket beinhaltet f\u00fcr 2 Personen: 1 Nacht im Deluxe-Zimmer, VIP-Empfang im Zimmer, 2 Fr\u00fchst\u00fccke. 180\u20ac f\u00fcr 2 mit Abendessen in...<\/p>\t\t\t    \t\t\t<\/div>\n\t    <\/div>\n\t    \n\t<\/div>\n\n<\/div>\n\n<!-- End each blog post --><\/div>\n<br class=\"clear\"\/>\t\t\t\t<\/div>\n\t\t\t\t<\/div>\n\t\t\t\t\t<\/div>\n\t\t<\/div>\n\t\t\t\t\t<\/div>\n\t\t<\/section>\n\t\t\t\t<\/div>","protected":false},"excerpt":{"rendered":"<p>Aktuelles Aktuelles Im Relais Manderen SAINT VALENTIN Buchen Sie Ihren Aufenthalt HIER, indem Sie ein DELUXE-Zimmer w\u00e4hlen. Bestellen Sie ein Geschenkset oder einen digitalen Gutschein, indem Sie uns kontaktieren... BRUNCH MUTTERFEST 26. MAI INFORMATIONEN UND RESERVIERUNGEN! KLICK! ... MUSIK-BRUNCH [...]]<\/p>","protected":false},"author":2,"featured_media":0,"parent":0,"menu_order":0,"comment_status":"closed","ping_status":"closed","template":"","meta":{"footnotes":""},"class_list":["post-4338","page","type-page","status-publish","hentry"],"_links":{"self":[{"href":"https:\/\/relaismanderen.com\/de\/wp-json\/wp\/v2\/pages\/4338","targetHints":{"allow":["GET"]}}],"collection":[{"href":"https:\/\/relaismanderen.com\/de\/wp-json\/wp\/v2\/pages"}],"about":[{"href":"https:\/\/relaismanderen.com\/de\/wp-json\/wp\/v2\/types\/page"}],"author":[{"embeddable":true,"href":"https:\/\/relaismanderen.com\/de\/wp-json\/wp\/v2\/users\/2"}],"replies":[{"embeddable":true,"href":"https:\/\/relaismanderen.com\/de\/wp-json\/wp\/v2\/comments?post=4338"}],"version-history":[{"count":0,"href":"https:\/\/relaismanderen.com\/de\/wp-json\/wp\/v2\/pages\/4338\/revisions"}],"wp:attachment":[{"href":"https:\/\/relaismanderen.com\/de\/wp-json\/wp\/v2\/media?parent=4338"}],"curies":[{"name":"wp","href":"https:\/\/api.w.org\/{rel}","templated":true}]}}